{"id":7,"date":"2023-12-25T11:10:59","date_gmt":"2023-12-25T09:10:59","guid":{"rendered":"https:\/\/pietikaistensukuseura.fi\/wip\/?page_id=7"},"modified":"2024-04-15T07:32:41","modified_gmt":"2024-04-15T04:32:41","slug":"sukuseura","status":"publish","type":"page","link":"https:\/\/pietikaistensukuseura.fi\/wip\/?page_id=7","title":{"rendered":"Sukuseura"},"content":{"rendered":"\n<h3 class=\"wp-block-heading\">Pietik\u00e4isten Sukuseura Ry:n synty<\/h3>\n\n\n\n<p>Yhdistys on perustettu 14. kes\u00e4kuuta 1970, jolloin on pidetty my\u00f6s kokous, jossa p\u00e4\u00e4tettiin sukuseuran perustamisesta ja ensimm\u00e4isest\u00e4 sukukokouksesta.<br><br>Ensimm\u00e4inen sukukokous pidettiin Kiuruvedell\u00e4 26.7.1970 kello 12 alkaen, l\u00e4sn\u00e4 oli 70 osanottajaa.<br><br><strong>Perustajaj\u00e4senet olivat:<\/strong><br>Pietik\u00e4inen Toivo Johannes, Kiuruvesi<br>Pietik\u00e4inen Teuvo Ilmari, Kuopio<br>Pietik\u00e4inen Matti, Kiuruvesi<br>Pietik\u00e4inen Aake, Iisalmi<br>Pietik\u00e4inen Toivo, Pielavesi<\/p>\n\n\n\n<p><strong>Yhdistys hyv\u00e4ksyttiin j\u00e4senrekisteriin 12.1.1971.<\/strong><\/p>\n\n\n\n<h3 class=\"wp-block-heading\">PIETIK\u00c4ISTEN SUKUSEURA RY:N REKISTERISELOSTE<\/h3>\n\n\n\n<p>Pietik\u00e4isten Sukuseura ry:n rekisteriseloste on luettavissa\u00a0<a href=\"http:\/\/pietikaistensukuseura.fi\/tiedostot\/piesra_rekisteriseloste.pdf\">pdf-tiedostona<\/a>.<\/p>\n\n\n\n<h3 class=\"wp-block-heading\">PIETIK\u00c4ISTEN SUKUSEURA RY:N S\u00c4\u00c4NN\u00d6T<\/h3>\n\n\n\n<p>Pietik\u00e4isten Sukuseura ry:n s\u00e4\u00e4nn\u00f6t on luettavissa\u00a0<a href=\"http:\/\/pietikaistensukuseura.fi\/tiedostot\/piesra_saannot-2024.pdf\">pdf-tiedostona<\/a>.<\/p>\n\n\n\n<h3 class=\"wp-block-heading\">PIETIK\u00c4ISTEN SUKUSEURA RY:N J\u00c4SENEKSI<\/h3>\n\n\n\n<p>Pietik\u00e4isten Sukuseura ry:n j\u00e4seneksi p\u00e4\u00e4sev\u00e4t kaikki Pietik\u00e4isin\u00e4 tai siit\u00e4 eronneiden sukuhaarojen j\u00e4senin\u00e4 syntyneet henkil\u00f6t ja heid\u00e4n perheenj\u00e4senens\u00e4.<br>Seuran toimintaan voit osallistua varsinaisena j\u00e4senen\u00e4 tai perhej\u00e4senen\u00e4; samassa taloudessa varsinaisen j\u00e4senen kanssa el\u00e4v\u00e4t muut perheenj\u00e4senet ovat&nbsp;<em>perhej\u00e4seni\u00e4<\/em>.<\/p>\n\n\n\n<p>Vuonna 2024 j\u00e4senmaksu on 25\u20ac varsinaiselta j\u00e4senelt\u00e4 ja 0\u20ac perhej\u00e4senelt\u00e4<br>J\u00e4senyys tuo oikeuden kokouksiin osallistumiseen ja p\u00e4\u00e4t\u00f6svaltaan kokouksissa sek\u00e4 alennuksen sukuhistoriasta.<br>J\u00e4senmaksuilla ja sukutuotteiden myynnill\u00e4 katetaan sukuseuran toiminnan kustannuksia, esimerkiksi sukutapahtumien ohjelmasta ja sukututkimuksesta aiheutuvia menoja.<\/p>\n\n\n\n<p>Jos haluat Pietik\u00e4isten Sukuseuran j\u00e4seneksi, maksa&nbsp;<a href=\"https:\/\/pietikaistensukuseura.fi\/wip\/?page_id=63\" target=\"_blank\" rel=\"noreferrer noopener\">j\u00e4senmaksu&nbsp;<\/a>ja t\u00e4yt\u00e4&nbsp;<a href=\"https:\/\/pietikaistensukuseura.fi\/lomakkeet\/sukutietolomake.pdf\" target=\"_blank\" rel=\"noreferrer noopener\">Sukutieto-lomake<\/a>&nbsp;ja&nbsp;<a href=\"https:\/\/pietikaistensukuseura.fi\/lomakkeet\/elamankertatiedustelu.pdf\" target=\"_blank\" rel=\"noreferrer noopener\">El\u00e4m\u00e4nkertatietoja&nbsp;<\/a>ker\u00e4\u00e4v\u00e4 lomake.<br><br>Lomakkeet tulee toimittaa lomakkeissa mainitulle sukutietojen ker\u00e4\u00e4j\u00e4lle. T\u00e4yt\u00e4th\u00e4n lomakkeet my\u00f6s siin\u00e4kin tapauksessa, ett\u00e4 huomaat omiesi tai omaistesi tietojen puuttuvan Pietik\u00e4isten Yl\u00e4-Savon sukuhaara II -kirjasta tai Pietik\u00e4isten Juvan sukuhaara -kirjasta.<\/p>\n\n\n\n<h3 class=\"wp-block-heading\">SUKUKOKOUKSET<\/h3>\n\n\n\n<p>Sukukokousten pitovuosi, pitopaikka ja esimies<\/p>\n\n\n\n<ol class=\"wp-block-list\">\n<li>1970 Kiuruvesi, Toivo Pietik\u00e4inen<\/li>\n\n\n\n<li>1971 Pielavesi, Toivo Pietik\u00e4inen<\/li>\n\n\n\n<li>1972 Nilsi\u00e4, Toivo Pietik\u00e4inen<\/li>\n\n\n\n<li>1973 Kuopio, Toivo Pietik\u00e4inen<\/li>\n\n\n\n<li>1974 Iisalmi, Toivo Pietik\u00e4inen<\/li>\n\n\n\n<li>1975 Kiuruvesi, Toivo Pietik\u00e4inen<\/li>\n\n\n\n<li>1976 Oulu, Toivo Pietik\u00e4inen<\/li>\n\n\n\n<li>1977 Juva, Toivo Pietik\u00e4inen<\/li>\n\n\n\n<li>1978 Muonio, Toivo Pietik\u00e4inen<\/li>\n\n\n\n<li>1979 Kiuruvesi, Toivo Pietik\u00e4inen<\/li>\n\n\n\n<li>1980 Helsinki, Osmo Pietik\u00e4inen<\/li>\n\n\n\n<li>1981 Pielavesi, Eino Pietik\u00e4inen<\/li>\n\n\n\n<li>1982 Kuopio, Toivo Pietik\u00e4inen<\/li>\n\n\n\n<li>1983 Varkaus, Toivo Pietik\u00e4inen<\/li>\n\n\n\n<li>1984 Kiuruvesi, Toivo Pietik\u00e4inen<\/li>\n\n\n\n<li>1985 Pielavesi, Toivo Pietik\u00e4inen<\/li>\n\n\n\n<li>1986 Lapinlahti, Toivo Pietik\u00e4inen<\/li>\n\n\n\n<li>1987 Tornio, Pertti Pietik\u00e4inen<\/li>\n\n\n\n<li>1988 Varkaus, Pertti Pietik\u00e4inen<\/li>\n\n\n\n<li>1989 Pielavesi, Kauko J Pietik\u00e4inen<\/li>\n\n\n\n<li>1990 Savonlinna, Kauko J Pietik\u00e4inen<\/li>\n\n\n\n<li>1991 Varkaus, Kauko J Pietik\u00e4inen<\/li>\n\n\n\n<li>1992 Tuusniemi, Kauko J Pietik\u00e4inen<\/li>\n\n\n\n<li>1993 Siilinj\u00e4rvi, Esko Pietik\u00e4inen<\/li>\n\n\n\n<li>1994 Kiuruvesi, Esko Pietik\u00e4inen<\/li>\n\n\n\n<li>1995 Helsinki, Esko Pietik\u00e4inen<\/li>\n\n\n\n<li>1996 Tampere, Esko Pietik\u00e4inen<\/li>\n\n\n\n<li>1997 Juva, Urpo Pietik\u00e4inen<\/li>\n\n\n\n<li>1998 Kuopio, Urpo Pietik\u00e4inen<\/li>\n\n\n\n<li>1999 Kiuruvesi, Urpo Pietik\u00e4inen<\/li>\n\n\n\n<li>2000 Runni, Urpo Pietik\u00e4inen<\/li>\n\n\n\n<li>2001 Muonio, Urpo Pietik\u00e4inen<\/li>\n\n\n\n<li>2002 Helsinki, Urpo Pietik\u00e4inen<\/li>\n\n\n\n<li>2003 Pielavesi, Urpo Pietik\u00e4inen<\/li>\n\n\n\n<li>2004 Mikkeli, Urpo Pietik\u00e4inen<\/li>\n\n\n\n<li>2005 H\u00e4meenlinna, Urpo Pietik\u00e4inen<\/li>\n\n\n\n<li>2006 Tuusula, Urpo Pietik\u00e4inen<\/li>\n\n\n\n<li>2007 Helsinki, Urpo Pietik\u00e4inen<\/li>\n\n\n\n<li>2008 Kuopio, Urpo Pietik\u00e4inen<\/li>\n\n\n\n<li>2009 Kiuruvesi, Urpo Pietik\u00e4inen<\/li>\n\n\n\n<li>2010 Haapaj\u00e4rvi, Urpo Pietik\u00e4inen<\/li>\n\n\n\n<li>2011 Lahti, Urpo Pietik\u00e4inen<\/li>\n\n\n\n<li>2012 Iisalmi, Urpo Pietik\u00e4inen<\/li>\n\n\n\n<li>2013 Oulu, Urpo Pietik\u00e4inen<\/li>\n\n\n\n<li>2014 Juva, Urpo Pietik\u00e4inen<\/li>\n\n\n\n<li>2015 Kuopio, Urpo Pietik\u00e4inen<\/li>\n\n\n\n<li>2016 Helsinki, Urpo Pietik\u00e4inen<\/li>\n\n\n\n<li>2017 Tallinna, Urpo Pietik\u00e4inen<\/li>\n\n\n\n<li>2018 Muonio, Urpo Pietik\u00e4inen<\/li>\n\n\n\n<li>2019 Kiuruvesi, Urpo Pietik\u00e4inen<\/li>\n\n\n\n<li>2020 Kokousta ei pidetty koronan vuoksi<\/li>\n\n\n\n<li>2021 Kokousta ei pidetty koronan vuoksi<\/li>\n\n\n\n<li>2022 K\u00e4rs\u00e4m\u00e4ki, Arja Pietik\u00e4inen-Vesala<\/li>\n\n\n\n<li>2023 Tampere, Arja Pietik\u00e4inen-Vesala<\/li>\n<\/ol>\n","protected":false},"excerpt":{"rendered":"<p>Pietik\u00e4isten Sukuseura Ry:n synty Yhdistys on perustettu 14. kes\u00e4kuuta 1970, jolloin on pidetty my\u00f6s kokous, jossa p\u00e4\u00e4tettiin sukuseuran perustamisesta ja ensimm\u00e4isest\u00e4 sukukokouksesta. Ensimm\u00e4inen sukukokous pidettiin Kiuruvedell\u00e4 26.7.1970 kello 12 alkaen, l\u00e4sn\u00e4 oli 70 osanottajaa. Perustajaj\u00e4senet olivat:Pietik\u00e4inen Toivo Johannes, KiuruvesiPietik\u00e4inen Teuvo Ilmari, KuopioPietik\u00e4inen Matti, KiuruvesiPietik\u00e4inen Aake, IisalmiPietik\u00e4inen Toivo, Pielavesi Yhdistys hyv\u00e4ksyttiin j\u00e4senrekisteriin 12.1.1971. PIETIK\u00c4ISTEN SUKUSEURA RY:N &hellip; <a href=\"https:\/\/pietikaistensukuseura.fi\/wip\/?page_id=7\" class=\"more-link\">Jatka artikkeliin <span class=\"screen-reader-text\">Sukuseura<\/span><\/a><\/p>\n","protected":false},"author":1,"featured_media":0,"parent":0,"menu_order":0,"comment_status":"closed","ping_status":"closed","template":"","meta":{"footnotes":""},"class_list":["post-7","page","type-page","status-publish","hentry"],"_links":{"self":[{"href":"https:\/\/pietikaistensukuseura.fi\/wip\/index.php?rest_route=\/wp\/v2\/pages\/7","targetHints":{"allow":["GET"]}}],"collection":[{"href":"https:\/\/pietikaistensukuseura.fi\/wip\/index.php?rest_route=\/wp\/v2\/pages"}],"about":[{"href":"https:\/\/pietikaistensukuseura.fi\/wip\/index.php?rest_route=\/wp\/v2\/types\/page"}],"author":[{"embeddable":true,"href":"https:\/\/pietikaistensukuseura.fi\/wip\/index.php?rest_route=\/wp\/v2\/users\/1"}],"replies":[{"embeddable":true,"href":"https:\/\/pietikaistensukuseura.fi\/wip\/index.php?rest_route=%2Fwp%2Fv2%2Fcomments&post=7"}],"version-history":[{"count":13,"href":"https:\/\/pietikaistensukuseura.fi\/wip\/index.php?rest_route=\/wp\/v2\/pages\/7\/revisions"}],"predecessor-version":[{"id":122,"href":"https:\/\/pietikaistensukuseura.fi\/wip\/index.php?rest_route=\/wp\/v2\/pages\/7\/revisions\/122"}],"wp:attachment":[{"href":"https:\/\/pietikaistensukuseura.fi\/wip\/index.php?rest_route=%2Fwp%2Fv2%2Fmedia&parent=7"}],"curies":[{"name":"wp","href":"https:\/\/api.w.org\/{rel}","templated":true}]}}