{"id":63,"date":"2023-12-25T11:49:36","date_gmt":"2023-12-25T09:49:36","guid":{"rendered":"https:\/\/pietikaistensukuseura.fi\/wip\/?page_id=63"},"modified":"2023-12-27T07:29:08","modified_gmt":"2023-12-27T05:29:08","slug":"lomakkeet","status":"publish","type":"page","link":"https:\/\/pietikaistensukuseura.fi\/wip\/?page_id=63","title":{"rendered":"Lomakkeet"},"content":{"rendered":"\n<p><\/p>\n\n\n\n<p><strong>Pietik\u00e4isten Sukuseuran j\u00e4senmaksu <\/strong><\/p>\n\n\n\n<p><\/p>\n\n\n\n<p>Pietik\u00e4isten Sukuseuran j\u00e4senmaksu on 25\u20ac \/ talous.<br>J\u00e4senmaksu maksetaan Sukuseuran tilille: FI59 5158 1520 0226 48.<\/p>\n\n\n\n<p>J\u00e4senmaksua maksaessasi, merkitse viesti-kentt\u00e4\u00e4n koko nimesi sek\u00e4 syntym\u00e4aikasi. Syntym\u00e4aikaasi k\u00e4ytet\u00e4\u00e4n yksil\u00f6im\u00e4\u00e4n sinut samannimisten j\u00e4senien keskuudessa.<\/p>\n\n\n\n<p>Jos olet <strong>uusi j\u00e4sen<\/strong>, merkitse viestiosaan nimesi sek\u00e4 syntym\u00e4aikasi lis\u00e4ksi tieto &#8221;Uusi j\u00e4sen&#8221;. Uusien j\u00e4senien toivotaan t\u00e4ytt\u00e4v\u00e4n my\u00f6s <em><a href=\"https:\/\/pietikaistensukuseura.fi\/lomakkeet\/sukutietolomake.pdf\" data-type=\"link\" data-id=\"https:\/\/pietikaistensukuseura.fi\/lomakkeet\/sukutieto.pdf\" target=\"_blank\" rel=\"noreferrer noopener\">Sukutieto<\/a>&#8211;<strong> <\/strong>sek\u00e4 <a href=\"https:\/\/pietikaistensukuseura.fi\/lomakkeet\/elamankertatiedustelu.pdf\" target=\"_blank\" rel=\"noreferrer noopener\">El\u00e4m\u00e4nkertatiedustelu<\/a><\/em> -lomakkeet.<\/p>\n\n\n\n<figure class=\"wp-block-image size-full\"><img loading=\"lazy\" decoding=\"async\" width=\"669\" height=\"268\" src=\"https:\/\/pietikaistensukuseura.fi\/wip\/wp-content\/uploads\/2023\/12\/image-1.png\" alt=\"\" class=\"wp-image-111\" srcset=\"https:\/\/pietikaistensukuseura.fi\/wip\/wp-content\/uploads\/2023\/12\/image-1.png 669w, https:\/\/pietikaistensukuseura.fi\/wip\/wp-content\/uploads\/2023\/12\/image-1-300x120.png 300w\" sizes=\"auto, (max-width: 669px) 100vw, 669px\" \/><\/figure>\n\n\n\n<p><br><\/p>\n\n\n\n<p><strong><a href=\"https:\/\/pietikaistensukuseura.fi\/lomakkeet\/sukutietolomake.pdf\" data-type=\"link\" data-id=\"https:\/\/pietikaistensukuseura.fi\/lomakkeet\/sukutietolomake.pdf\" target=\"_blank\" rel=\"noreferrer noopener\">Sukutietolomake<\/a><\/strong><\/p>\n\n\n\n<p>Lomake tulostettavassa muodossa.<\/p>\n\n\n\n<p><\/p>\n\n\n\n<p><strong><a href=\"https:\/\/pietikaistensukuseura.fi\/lomakkeet\/elamankertatiedustelu.pdf\" data-type=\"link\" data-id=\"https:\/\/pietikaistensukuseura.fi\/lomakkeet\/elamankertatiedustelu.pdf\" target=\"_blank\" rel=\"noreferrer noopener\">El\u00e4m\u00e4nkertatiedustelulomake<\/a><\/strong><\/p>\n\n\n\n<p>Lomake tulostettavassa muodossa.<\/p>\n","protected":false},"excerpt":{"rendered":"<p>Pietik\u00e4isten Sukuseuran j\u00e4senmaksu Pietik\u00e4isten Sukuseuran j\u00e4senmaksu on 25\u20ac \/ talous.J\u00e4senmaksu maksetaan Sukuseuran tilille: FI59 5158 1520 0226 48. J\u00e4senmaksua maksaessasi, merkitse viesti-kentt\u00e4\u00e4n koko nimesi sek\u00e4 syntym\u00e4aikasi. Syntym\u00e4aikaasi k\u00e4ytet\u00e4\u00e4n yksil\u00f6im\u00e4\u00e4n sinut samannimisten j\u00e4senien keskuudessa. Jos olet uusi j\u00e4sen, merkitse viestiosaan nimesi sek\u00e4 syntym\u00e4aikasi lis\u00e4ksi tieto &#8221;Uusi j\u00e4sen&#8221;. Uusien j\u00e4senien toivotaan t\u00e4ytt\u00e4v\u00e4n my\u00f6s Sukutieto&#8211; sek\u00e4 El\u00e4m\u00e4nkertatiedustelu -lomakkeet. &hellip; <a href=\"https:\/\/pietikaistensukuseura.fi\/wip\/?page_id=63\" class=\"more-link\">Jatka artikkeliin <span class=\"screen-reader-text\">Lomakkeet<\/span><\/a><\/p>\n","protected":false},"author":1,"featured_media":0,"parent":0,"menu_order":0,"comment_status":"closed","ping_status":"closed","template":"","meta":{"footnotes":""},"class_list":["post-63","page","type-page","status-publish","hentry"],"_links":{"self":[{"href":"https:\/\/pietikaistensukuseura.fi\/wip\/index.php?rest_route=\/wp\/v2\/pages\/63","targetHints":{"allow":["GET"]}}],"collection":[{"href":"https:\/\/pietikaistensukuseura.fi\/wip\/index.php?rest_route=\/wp\/v2\/pages"}],"about":[{"href":"https:\/\/pietikaistensukuseura.fi\/wip\/index.php?rest_route=\/wp\/v2\/types\/page"}],"author":[{"embeddable":true,"href":"https:\/\/pietikaistensukuseura.fi\/wip\/index.php?rest_route=\/wp\/v2\/users\/1"}],"replies":[{"embeddable":true,"href":"https:\/\/pietikaistensukuseura.fi\/wip\/index.php?rest_route=%2Fwp%2Fv2%2Fcomments&post=63"}],"version-history":[{"count":7,"href":"https:\/\/pietikaistensukuseura.fi\/wip\/index.php?rest_route=\/wp\/v2\/pages\/63\/revisions"}],"predecessor-version":[{"id":113,"href":"https:\/\/pietikaistensukuseura.fi\/wip\/index.php?rest_route=\/wp\/v2\/pages\/63\/revisions\/113"}],"wp:attachment":[{"href":"https:\/\/pietikaistensukuseura.fi\/wip\/index.php?rest_route=%2Fwp%2Fv2%2Fmedia&parent=63"}],"curies":[{"name":"wp","href":"https:\/\/api.w.org\/{rel}","templated":true}]}}